{"id":50,"date":"2025-12-10T14:40:37","date_gmt":"2025-12-10T14:40:37","guid":{"rendered":"https:\/\/altusauktionen.de\/wordpress\/?page_id=50"},"modified":"2026-01-08T14:17:07","modified_gmt":"2026-01-08T13:17:07","slug":"startse","status":"publish","type":"page","link":"https:\/\/altusauktionen.de\/","title":{"rendered":"Home"},"content":{"rendered":"\n<main class=\"wp-block-group is-style-default has-global-padding is-content-justification-center is-layout-constrained wp-block-group-is-layout-constrained\" style=\"margin-top:var(--wp--preset--spacing--60)\">\n<h2 class=\"wp-block-heading has-text-align-center has-xx-large-font-size\"><a href=\"https:\/\/historia.de\/\">Wir sind jetzt Historia<\/a><\/h2>\n\n\n\n<div style=\"height:8px\" aria-hidden=\"true\" class=\"wp-block-spacer\"><\/div>\n\n\n\n<pre class=\"wp-block-verse has-text-align-left\">Nach \u00fcber 30 Jahren und \u00fcber 170 erfolgreichen Auktionen in Berlin, haben unsere Gesch\u00e4fte geschlossen. Wir bedanken uns bei allen <br>WegbegleiterInnen und PartnerInnen, ZuliferInnen und SammlerInnen f\u00fcr die gemeinsame Zeit.<\/pre>\n\n\n\n<div class=\"wp-block-columns is-layout-flex wp-container-core-columns-is-layout-28f84493 wp-block-columns-is-layout-flex\">\n<div class=\"wp-block-column is-layout-flow wp-block-column-is-layout-flow\">\n<figure class=\"wp-block-image size-full\"><img loading=\"lazy\" decoding=\"async\" width=\"500\" height=\"500\" src=\"https:\/\/altusauktionen.de\/wp-content\/uploads\/2025\/12\/Altus.webp\" alt=\"Altus Auktionen \u2013 Auktionshaus in M\u00fcnchen logo\" class=\"wp-image-78\" srcset=\"https:\/\/altusauktionen.de\/wp-content\/uploads\/2025\/12\/Altus.webp 500w, https:\/\/altusauktionen.de\/wp-content\/uploads\/2025\/12\/Altus-300x300.webp 300w, https:\/\/altusauktionen.de\/wp-content\/uploads\/2025\/12\/Altus-150x150.webp 150w\" sizes=\"auto, (max-width: 500px) 100vw, 500px\" \/><\/figure>\n<\/div>\n\n\n\n<div class=\"wp-block-column is-layout-flow wp-block-column-is-layout-flow\">\n<div style=\"height:39px\" aria-hidden=\"true\" class=\"wp-block-spacer\"><\/div>\n\n\n\n<h2 class=\"wp-block-heading has-text-align-center has-xx-large-font-size\"><strong>&gt;<\/strong><\/h2>\n\n\n\n<div style=\"height:39px\" aria-hidden=\"true\" class=\"wp-block-spacer\"><\/div>\n<\/div>\n\n\n\n<div class=\"wp-block-column is-layout-flow wp-block-column-is-layout-flow\">\n<div style=\"height:35px\" aria-hidden=\"true\" class=\"wp-block-spacer\"><\/div>\n\n\n\n<figure class=\"wp-block-image aligncenter size-large\"><a href=\"https:\/\/historia.de\/\"><img loading=\"lazy\" decoding=\"async\" width=\"1024\" height=\"376\" src=\"https:\/\/altusauktionen.de\/wp-content\/uploads\/2025\/12\/logo_historia-scaled-1-1024x376.webp\" alt=\"Historia Auktionshaus - zur Startseite\" class=\"wp-image-82\" srcset=\"https:\/\/altusauktionen.de\/wp-content\/uploads\/2025\/12\/logo_historia-scaled-1-1024x376.webp 1024w, https:\/\/altusauktionen.de\/wp-content\/uploads\/2025\/12\/logo_historia-scaled-1-300x110.webp 300w, https:\/\/altusauktionen.de\/wp-content\/uploads\/2025\/12\/logo_historia-scaled-1-768x282.webp 768w, https:\/\/altusauktionen.de\/wp-content\/uploads\/2025\/12\/logo_historia-scaled-1-1536x563.webp 1536w, https:\/\/altusauktionen.de\/wp-content\/uploads\/2025\/12\/logo_historia-scaled-1-2048x751.webp 2048w\" sizes=\"auto, (max-width: 1024px) 100vw, 1024px\" \/><\/a><\/figure>\n<\/div>\n<\/div>\n<\/main>\n\n\n\n<div style=\"height:39px\" aria-hidden=\"true\" class=\"wp-block-spacer\"><\/div>\n\n\n\n<div class=\"wp-block-group has-global-padding is-layout-constrained wp-container-core-group-is-layout-abb6fe41 wp-block-group-is-layout-constrained\">\n<h2 class=\"wp-block-heading has-text-align-center has-xx-large-font-size\">Kunst, Gem\u00e4lde, Grafiken, Schmuck, Uhren &amp; Antiquit\u00e4ten k\u00f6nnen Sie \u00fcber das<br><a href=\"https:\/\/historia.de\/\">Auktionshaus Historia<\/a><br>anbieten und ersteigern.<\/h2>\n<\/div>\n\n\n\n<div style=\"height:8px\" aria-hidden=\"true\" class=\"wp-block-spacer\"><\/div>\n\n\n\n<div class=\"wp-block-group has-global-padding is-layout-constrained wp-container-core-group-is-layout-bdbfdc43 wp-block-group-is-layout-constrained\">\n<pre class=\"wp-block-verse\">KunsthistorikerInnen und ExpertInnen in den Bereichen Kunst, Skulpturen, Schmuck &amp; Armband- und Taschenuhren, Silber &amp; Glas, Porzellan, Asiatika, Uhren und Sammlerobjekte beraten Sie fachgerecht. Das internationale Sammlernetzwerk beinhaltet auch unsere Kontakte.<\/pre>\n<\/div>\n\n\n\n<div style=\"height:41px\" aria-hidden=\"true\" class=\"wp-block-spacer\"><\/div>\n","protected":false},"excerpt":{"rendered":"<p>Wir sind jetzt Historia Nach \u00fcber 30 Jahren und \u00fcber 170 erfolgreichen Auktionen in Berlin, haben unsere Gesch\u00e4fte geschlossen. Wir bedanken uns bei allen WegbegleiterInnen und PartnerInnen, ZuliferInnen und SammlerInnen f\u00fcr die gemeinsame Zeit. &gt; Kunst, Gem\u00e4lde, Grafiken, Schmuck, Uhren &amp; Antiquit\u00e4ten k\u00f6nnen Sie \u00fcber dasAuktionshaus Historiaanbieten und ersteigern. KunsthistorikerInnen und ExpertInnen in den Bereichen [&hellip;]<\/p>\n","protected":false},"author":1,"featured_media":0,"parent":0,"menu_order":0,"comment_status":"closed","ping_status":"closed","template":"page-no-title","meta":{"footnotes":""},"class_list":["post-50","page","type-page","status-publish","hentry"],"yoast_head":"<!-- This site is optimized with the Yoast SEO plugin v27.4 - https:\/\/yoast.com\/product\/yoast-seo-wordpress\/ -->\n<title>Altus Auktionen - Auktionshaus in M\u00fcnchen<\/title>\n<meta name=\"description\" content=\"Nach \u00fcber 30 Jahren und \u00fcber 120 erfolgreichen Auktionen in Berlin, haben unsere Gesch\u00e4fte geschlossen. Wir bedanken uns bei allen WegbegleiterInnen und PartnerInnen, ZuliferInnen und \u2026\" \/>\n<meta name=\"robots\" content=\"index, follow, max-snippet:-1, max-image-preview:large, max-video-preview:-1\" \/>\n<link rel=\"canonical\" href=\"https:\/\/altusauktionen.de\/\" \/>\n<meta property=\"og:locale\" content=\"de_DE\" \/>\n<meta property=\"og:type\" content=\"article\" \/>\n<meta property=\"og:title\" content=\"Altus Auktionen - Auktionshaus in M\u00fcnchen\" \/>\n<meta property=\"og:description\" content=\"Nach \u00fcber 30 Jahren und \u00fcber 120 erfolgreichen Auktionen in Berlin, haben unsere Gesch\u00e4fte geschlossen. Wir bedanken uns bei allen WegbegleiterInnen und PartnerInnen, ZuliferInnen und \u2026\" \/>\n<meta property=\"og:url\" content=\"https:\/\/altusauktionen.de\/\" \/>\n<meta property=\"og:site_name\" content=\"Altus Auktionen\" \/>\n<meta property=\"article:modified_time\" content=\"2026-01-08T13:17:07+00:00\" \/>\n<meta property=\"og:image\" content=\"https:\/\/altusauktionen.de\/wp-content\/uploads\/2025\/12\/Altus.webp\" \/>\n\t<meta property=\"og:image:width\" content=\"500\" \/>\n\t<meta property=\"og:image:height\" content=\"500\" \/>\n\t<meta property=\"og:image:type\" content=\"image\/webp\" \/>\n<meta name=\"twitter:card\" content=\"summary_large_image\" \/>\n<meta name=\"twitter:label1\" content=\"Gesch\u00e4tzte Lesezeit\" \/>\n\t<meta name=\"twitter:data1\" content=\"1\u00a0Minute\" \/>\n<script type=\"application\/ld+json\" class=\"yoast-schema-graph\">{\"@context\":\"https:\\\/\\\/schema.org\",\"@graph\":[{\"@type\":\"WebPage\",\"@id\":\"https:\\\/\\\/altusauktionen.de\\\/\",\"url\":\"https:\\\/\\\/altusauktionen.de\\\/\",\"name\":\"Altus Auktionen - Auktionshaus in M\u00fcnchen\",\"isPartOf\":{\"@id\":\"https:\\\/\\\/altusauktionen.de\\\/#website\"},\"primaryImageOfPage\":{\"@id\":\"https:\\\/\\\/altusauktionen.de\\\/#primaryimage\"},\"image\":{\"@id\":\"https:\\\/\\\/altusauktionen.de\\\/#primaryimage\"},\"thumbnailUrl\":\"https:\\\/\\\/altusauktionen.de\\\/wp-content\\\/uploads\\\/2025\\\/12\\\/Altus.webp\",\"datePublished\":\"2025-12-10T14:40:37+00:00\",\"dateModified\":\"2026-01-08T13:17:07+00:00\",\"description\":\"Nach \u00fcber 30 Jahren und \u00fcber 120 erfolgreichen Auktionen in Berlin, haben unsere Gesch\u00e4fte geschlossen. Wir bedanken uns bei allen WegbegleiterInnen und PartnerInnen, ZuliferInnen und \u2026\",\"breadcrumb\":{\"@id\":\"https:\\\/\\\/altusauktionen.de\\\/#breadcrumb\"},\"inLanguage\":\"de\",\"potentialAction\":[{\"@type\":\"ReadAction\",\"target\":[\"https:\\\/\\\/altusauktionen.de\\\/\"]}]},{\"@type\":\"ImageObject\",\"inLanguage\":\"de\",\"@id\":\"https:\\\/\\\/altusauktionen.de\\\/#primaryimage\",\"url\":\"https:\\\/\\\/altusauktionen.de\\\/wp-content\\\/uploads\\\/2025\\\/12\\\/Altus.webp\",\"contentUrl\":\"https:\\\/\\\/altusauktionen.de\\\/wp-content\\\/uploads\\\/2025\\\/12\\\/Altus.webp\",\"width\":500,\"height\":500},{\"@type\":\"BreadcrumbList\",\"@id\":\"https:\\\/\\\/altusauktionen.de\\\/#breadcrumb\",\"itemListElement\":[{\"@type\":\"ListItem\",\"position\":1,\"name\":\"Start\",\"item\":\"https:\\\/\\\/altusauktionen.de\\\/\"},{\"@type\":\"ListItem\",\"position\":2,\"name\":\"Home\"}]},{\"@type\":\"WebSite\",\"@id\":\"https:\\\/\\\/altusauktionen.de\\\/#website\",\"url\":\"https:\\\/\\\/altusauktionen.de\\\/\",\"name\":\"Altus Auktionen\",\"description\":\"\",\"potentialAction\":[{\"@type\":\"SearchAction\",\"target\":{\"@type\":\"EntryPoint\",\"urlTemplate\":\"https:\\\/\\\/altusauktionen.de\\\/?s={search_term_string}\"},\"query-input\":{\"@type\":\"PropertyValueSpecification\",\"valueRequired\":true,\"valueName\":\"search_term_string\"}}],\"inLanguage\":\"de\"}]}<\/script>\n<!-- \/ Yoast SEO plugin. -->","yoast_head_json":{"title":"Altus Auktionen - Auktionshaus in M\u00fcnchen","description":"Nach \u00fcber 30 Jahren und \u00fcber 120 erfolgreichen Auktionen in Berlin, haben unsere Gesch\u00e4fte geschlossen. Wir bedanken uns bei allen WegbegleiterInnen und PartnerInnen, ZuliferInnen und \u2026","robots":{"index":"index","follow":"follow","max-snippet":"max-snippet:-1","max-image-preview":"max-image-preview:large","max-video-preview":"max-video-preview:-1"},"canonical":"https:\/\/altusauktionen.de\/","og_locale":"de_DE","og_type":"article","og_title":"Altus Auktionen - Auktionshaus in M\u00fcnchen","og_description":"Nach \u00fcber 30 Jahren und \u00fcber 120 erfolgreichen Auktionen in Berlin, haben unsere Gesch\u00e4fte geschlossen. Wir bedanken uns bei allen WegbegleiterInnen und PartnerInnen, ZuliferInnen und \u2026","og_url":"https:\/\/altusauktionen.de\/","og_site_name":"Altus Auktionen","article_modified_time":"2026-01-08T13:17:07+00:00","og_image":[{"width":500,"height":500,"url":"https:\/\/altusauktionen.de\/wp-content\/uploads\/2025\/12\/Altus.webp","type":"image\/webp"}],"twitter_card":"summary_large_image","twitter_misc":{"Gesch\u00e4tzte Lesezeit":"1\u00a0Minute"},"schema":{"@context":"https:\/\/schema.org","@graph":[{"@type":"WebPage","@id":"https:\/\/altusauktionen.de\/","url":"https:\/\/altusauktionen.de\/","name":"Altus Auktionen - Auktionshaus in M\u00fcnchen","isPartOf":{"@id":"https:\/\/altusauktionen.de\/#website"},"primaryImageOfPage":{"@id":"https:\/\/altusauktionen.de\/#primaryimage"},"image":{"@id":"https:\/\/altusauktionen.de\/#primaryimage"},"thumbnailUrl":"https:\/\/altusauktionen.de\/wp-content\/uploads\/2025\/12\/Altus.webp","datePublished":"2025-12-10T14:40:37+00:00","dateModified":"2026-01-08T13:17:07+00:00","description":"Nach \u00fcber 30 Jahren und \u00fcber 120 erfolgreichen Auktionen in Berlin, haben unsere Gesch\u00e4fte geschlossen. Wir bedanken uns bei allen WegbegleiterInnen und PartnerInnen, ZuliferInnen und \u2026","breadcrumb":{"@id":"https:\/\/altusauktionen.de\/#breadcrumb"},"inLanguage":"de","potentialAction":[{"@type":"ReadAction","target":["https:\/\/altusauktionen.de\/"]}]},{"@type":"ImageObject","inLanguage":"de","@id":"https:\/\/altusauktionen.de\/#primaryimage","url":"https:\/\/altusauktionen.de\/wp-content\/uploads\/2025\/12\/Altus.webp","contentUrl":"https:\/\/altusauktionen.de\/wp-content\/uploads\/2025\/12\/Altus.webp","width":500,"height":500},{"@type":"BreadcrumbList","@id":"https:\/\/altusauktionen.de\/#breadcrumb","itemListElement":[{"@type":"ListItem","position":1,"name":"Start","item":"https:\/\/altusauktionen.de\/"},{"@type":"ListItem","position":2,"name":"Home"}]},{"@type":"WebSite","@id":"https:\/\/altusauktionen.de\/#website","url":"https:\/\/altusauktionen.de\/","name":"Altus Auktionen","description":"","potentialAction":[{"@type":"SearchAction","target":{"@type":"EntryPoint","urlTemplate":"https:\/\/altusauktionen.de\/?s={search_term_string}"},"query-input":{"@type":"PropertyValueSpecification","valueRequired":true,"valueName":"search_term_string"}}],"inLanguage":"de"}]}},"_links":{"self":[{"href":"https:\/\/altusauktionen.de\/index.php\/wp-json\/wp\/v2\/pages\/50","targetHints":{"allow":["GET"]}}],"collection":[{"href":"https:\/\/altusauktionen.de\/index.php\/wp-json\/wp\/v2\/pages"}],"about":[{"href":"https:\/\/altusauktionen.de\/index.php\/wp-json\/wp\/v2\/types\/page"}],"author":[{"embeddable":true,"href":"https:\/\/altusauktionen.de\/index.php\/wp-json\/wp\/v2\/users\/1"}],"replies":[{"embeddable":true,"href":"https:\/\/altusauktionen.de\/index.php\/wp-json\/wp\/v2\/comments?post=50"}],"version-history":[{"count":4,"href":"https:\/\/altusauktionen.de\/index.php\/wp-json\/wp\/v2\/pages\/50\/revisions"}],"predecessor-version":[{"id":97,"href":"https:\/\/altusauktionen.de\/index.php\/wp-json\/wp\/v2\/pages\/50\/revisions\/97"}],"wp:attachment":[{"href":"https:\/\/altusauktionen.de\/index.php\/wp-json\/wp\/v2\/media?parent=50"}],"curies":[{"name":"wp","href":"https:\/\/api.w.org\/{rel}","templated":true}]}}